{"id":994,"date":"2026-03-24T11:31:52","date_gmt":"2026-03-24T14:31:52","guid":{"rendered":"https:\/\/sintraindistal.com.br\/?page_id=994"},"modified":"2026-03-24T11:35:28","modified_gmt":"2026-03-24T14:35:28","slug":"institucional-3-2","status":"publish","type":"page","link":"https:\/\/sintraindistal.com.br\/?page_id=994","title":{"rendered":"Mais oportunidades para Trabalhadores"},"content":{"rendered":"\t\t<div data-elementor-type=\"wp-page\" data-elementor-id=\"994\" class=\"elementor elementor-994\" data-elementor-post-type=\"page\">\n\t\t\t\t<div class=\"elementor-element elementor-element-997dc03 e-flex e-con-boxed e-con e-parent\" data-id=\"997dc03\" data-element_type=\"container\">\n\t\t\t\t\t<div class=\"e-con-inner\">\n\t\t<div class=\"elementor-element elementor-element-4bfe64d e-con-full e-flex e-con e-child\" data-id=\"4bfe64d\" data-element_type=\"container\">\n\t\t\t\t<div class=\"elementor-element elementor-element-400f50f elementor-widget elementor-widget-image\" data-id=\"400f50f\" data-element_type=\"widget\" data-widget_type=\"image.default\">\n\t\t\t\t<div class=\"elementor-widget-container\">\n\t\t\t\t\t\t\t\t\t\t\t\t\t\t\t<img fetchpriority=\"high\" decoding=\"async\" width=\"683\" height=\"1024\" src=\"https:\/\/sintraindistal.com.br\/wp-content\/uploads\/2026\/03\/WhatsApp-Image-2026-03-23-at-16.46.42-683x1024.jpeg\" class=\"attachment-large size-large wp-image-996\" alt=\"\" srcset=\"https:\/\/sintraindistal.com.br\/wp-content\/uploads\/2026\/03\/WhatsApp-Image-2026-03-23-at-16.46.42-683x1024.jpeg 683w, https:\/\/sintraindistal.com.br\/wp-content\/uploads\/2026\/03\/WhatsApp-Image-2026-03-23-at-16.46.42-200x300.jpeg 200w, https:\/\/sintraindistal.com.br\/wp-content\/uploads\/2026\/03\/WhatsApp-Image-2026-03-23-at-16.46.42-768x1152.jpeg 768w, https:\/\/sintraindistal.com.br\/wp-content\/uploads\/2026\/03\/WhatsApp-Image-2026-03-23-at-16.46.42.jpeg 1024w\" sizes=\"(max-width: 683px) 100vw, 683px\" \/>\t\t\t\t\t\t\t\t\t\t\t\t\t\t\t<\/div>\n\t\t\t\t<\/div>\n\t\t\t\t<\/div>\n\t\t<div class=\"elementor-element elementor-element-a8cbd4f e-con-full e-flex e-con e-child\" data-id=\"a8cbd4f\" data-element_type=\"container\">\n\t\t\t\t<div class=\"elementor-element elementor-element-9029fcc elementor-widget elementor-widget-text-editor\" data-id=\"9029fcc\" data-element_type=\"widget\" data-widget_type=\"text-editor.default\">\n\t\t\t\t<div class=\"elementor-widget-container\">\n\t\t\t\t\t\t\t\t\t<h2>Mair Oportunidades para os trabalhadores<\/h2>\t\t\t\t\t\t\t\t<\/div>\n\t\t\t\t<\/div>\n\t\t\t\t<div class=\"elementor-element elementor-element-e72fcd9 elementor-widget-divider--view-line elementor-widget elementor-widget-divider\" data-id=\"e72fcd9\" data-element_type=\"widget\" data-widget_type=\"divider.default\">\n\t\t\t\t<div class=\"elementor-widget-container\">\n\t\t\t\t\t\t\t<div class=\"elementor-divider\">\n\t\t\t<span class=\"elementor-divider-separator\">\n\t\t\t\t\t\t<\/span>\n\t\t<\/div>\n\t\t\t\t\t\t<\/div>\n\t\t\t\t<\/div>\n\t\t\t\t<div class=\"elementor-element elementor-element-528453c elementor-widget elementor-widget-text-editor\" data-id=\"528453c\" data-element_type=\"widget\" data-widget_type=\"text-editor.default\">\n\t\t\t\t<div class=\"elementor-widget-container\">\n\t\t\t\t\t\t\t\t\t<p>O Sintraindistal, por meio de sua Dire\u00e7\u00e3o, representada por Al\u00edpio Afonso, segue ampliando conv\u00eanios voltados ao bem-estar e ao desenvolvimento dos trabalhadores.<\/p><p>Foram firmados conv\u00eanios na \u00e1rea de educa\u00e7\u00e3o, refor\u00e7ando a import\u00e2ncia da qualifica\u00e7\u00e3o cont\u00ednua como instrumento de crescimento profissional e amplia\u00e7\u00e3o de oportunidades.<\/p><p>Investir em educa\u00e7\u00e3o \u00e9 investir no futuro dos trabalhadores.<\/p><p>Para mais informa\u00e7\u00f5es sobre os conv\u00eanios dispon\u00edveis, entre em contato com o sindicato.<\/p>\t\t\t\t\t\t\t\t<\/div>\n\t\t\t\t<\/div>\n\t\t\t\t<\/div>\n\t\t\t\t\t<\/div>\n\t\t\t\t<\/div>\n\t\t\t\t<\/div>\n\t\t","protected":false},"excerpt":{"rendered":"<p>Mair Oportunidades para os trabalhadores O Sintraindistal, por meio de sua Dire\u00e7\u00e3o, representada por Al\u00edpio Afonso, segue ampliando conv\u00eanios voltados ao bem-estar e ao desenvolvimento dos trabalhadores. Foram firmados conv\u00eanios &#8230;<\/p>\n","protected":false},"author":1,"featured_media":0,"parent":0,"menu_order":0,"comment_status":"closed","ping_status":"closed","template":"elementor_header_footer","meta":{"footnotes":""},"class_list":["post-994","page","type-page","status-publish","hentry"],"_links":{"self":[{"href":"https:\/\/sintraindistal.com.br\/index.php?rest_route=\/wp\/v2\/pages\/994","targetHints":{"allow":["GET"]}}],"collection":[{"href":"https:\/\/sintraindistal.com.br\/index.php?rest_route=\/wp\/v2\/pages"}],"about":[{"href":"https:\/\/sintraindistal.com.br\/index.php?rest_route=\/wp\/v2\/types\/page"}],"author":[{"embeddable":true,"href":"https:\/\/sintraindistal.com.br\/index.php?rest_route=\/wp\/v2\/users\/1"}],"replies":[{"embeddable":true,"href":"https:\/\/sintraindistal.com.br\/index.php?rest_route=%2Fwp%2Fv2%2Fcomments&post=994"}],"version-history":[{"count":4,"href":"https:\/\/sintraindistal.com.br\/index.php?rest_route=\/wp\/v2\/pages\/994\/revisions"}],"predecessor-version":[{"id":999,"href":"https:\/\/sintraindistal.com.br\/index.php?rest_route=\/wp\/v2\/pages\/994\/revisions\/999"}],"wp:attachment":[{"href":"https:\/\/sintraindistal.com.br\/index.php?rest_route=%2Fwp%2Fv2%2Fmedia&parent=994"}],"curies":[{"name":"wp","href":"https:\/\/api.w.org\/{rel}","templated":true}]}}