{"id":969,"date":"2025-11-28T09:18:07","date_gmt":"2025-11-28T12:18:07","guid":{"rendered":"https:\/\/sintraindistal.com.br\/?page_id=969"},"modified":"2025-11-28T09:31:40","modified_gmt":"2025-11-28T12:31:40","slug":"institucional-3","status":"publish","type":"page","link":"https:\/\/sintraindistal.com.br\/?page_id=969","title":{"rendered":"Setor Jur\u00eddico"},"content":{"rendered":"\t\t<div data-elementor-type=\"wp-page\" data-elementor-id=\"969\" class=\"elementor elementor-969\" data-elementor-post-type=\"page\">\n\t\t\t\t<div class=\"elementor-element elementor-element-997dc03 e-flex e-con-boxed e-con e-parent\" data-id=\"997dc03\" data-element_type=\"container\">\n\t\t\t\t\t<div class=\"e-con-inner\">\n\t\t<div class=\"elementor-element elementor-element-4bfe64d e-con-full e-flex e-con e-child\" data-id=\"4bfe64d\" data-element_type=\"container\">\n\t\t\t\t<div class=\"elementor-element elementor-element-400f50f elementor-widget elementor-widget-image\" data-id=\"400f50f\" data-element_type=\"widget\" data-widget_type=\"image.default\">\n\t\t\t\t<div class=\"elementor-widget-container\">\n\t\t\t\t\t\t\t\t\t\t\t\t\t\t\t<img fetchpriority=\"high\" decoding=\"async\" width=\"800\" height=\"1000\" src=\"https:\/\/sintraindistal.com.br\/wp-content\/uploads\/2025\/11\/WhatsApp-Image-2025-11-27-at-17.20.53-819x1024.jpeg\" class=\"attachment-large size-large wp-image-971\" alt=\"\" srcset=\"https:\/\/sintraindistal.com.br\/wp-content\/uploads\/2025\/11\/WhatsApp-Image-2025-11-27-at-17.20.53-819x1024.jpeg 819w, https:\/\/sintraindistal.com.br\/wp-content\/uploads\/2025\/11\/WhatsApp-Image-2025-11-27-at-17.20.53-240x300.jpeg 240w, https:\/\/sintraindistal.com.br\/wp-content\/uploads\/2025\/11\/WhatsApp-Image-2025-11-27-at-17.20.53-768x960.jpeg 768w, https:\/\/sintraindistal.com.br\/wp-content\/uploads\/2025\/11\/WhatsApp-Image-2025-11-27-at-17.20.53.jpeg 1080w\" sizes=\"(max-width: 800px) 100vw, 800px\" \/>\t\t\t\t\t\t\t\t\t\t\t\t\t\t\t<\/div>\n\t\t\t\t<\/div>\n\t\t\t\t<\/div>\n\t\t<div class=\"elementor-element elementor-element-a8cbd4f e-con-full e-flex e-con e-child\" data-id=\"a8cbd4f\" data-element_type=\"container\">\n\t\t\t\t<div class=\"elementor-element elementor-element-9029fcc elementor-widget elementor-widget-text-editor\" data-id=\"9029fcc\" data-element_type=\"widget\" data-widget_type=\"text-editor.default\">\n\t\t\t\t<div class=\"elementor-widget-container\">\n\t\t\t\t\t\t\t\t\t<h2>An\u00e1lise Jur\u00eddica, preven\u00e7\u00e3o de riscos e negocia\u00e7\u00e3o coletiva<\/h2>\t\t\t\t\t\t\t\t<\/div>\n\t\t\t\t<\/div>\n\t\t\t\t<div class=\"elementor-element elementor-element-e72fcd9 elementor-widget-divider--view-line elementor-widget elementor-widget-divider\" data-id=\"e72fcd9\" data-element_type=\"widget\" data-widget_type=\"divider.default\">\n\t\t\t\t<div class=\"elementor-widget-container\">\n\t\t\t\t\t\t\t<div class=\"elementor-divider\">\n\t\t\t<span class=\"elementor-divider-separator\">\n\t\t\t\t\t\t<\/span>\n\t\t<\/div>\n\t\t\t\t\t\t<\/div>\n\t\t\t\t<\/div>\n\t\t\t\t<div class=\"elementor-element elementor-element-528453c elementor-widget elementor-widget-text-editor\" data-id=\"528453c\" data-element_type=\"widget\" data-widget_type=\"text-editor.default\">\n\t\t\t\t<div class=\"elementor-widget-container\">\n\t\t\t\t\t\t\t\t\t<p>O setor jur\u00eddico do Sintraindistal, coordenado pela Dra. C\u00edntia Possas, trabalha todos os dias para orientar, esclarecer d\u00favidas e apoiar as trabalhadoras e os trabalhadores nas quest\u00f5es que envolvem a vida profissional.<br \/>A equipe tamb\u00e9m participa das negocia\u00e7\u00f5es coletivas, ajudando a construir acordos que garantem direitos, melhores condi\u00e7\u00f5es e prote\u00e7\u00e3o para toda a categoria.<\/p><p>Nosso compromisso \u00e9 trazer seguran\u00e7a, evitar problemas e fortalecer as rela\u00e7\u00f5es de trabalho, sempre com responsabilidade.<\/p>\t\t\t\t\t\t\t\t<\/div>\n\t\t\t\t<\/div>\n\t\t\t\t<\/div>\n\t\t\t\t\t<\/div>\n\t\t\t\t<\/div>\n\t\t\t\t<\/div>\n\t\t","protected":false},"excerpt":{"rendered":"<p>An\u00e1lise Jur\u00eddica, preven\u00e7\u00e3o de riscos e negocia\u00e7\u00e3o coletiva O setor jur\u00eddico do Sintraindistal, coordenado pela Dra. C\u00edntia Possas, trabalha todos os dias para orientar, esclarecer d\u00favidas e apoiar as trabalhadoras &#8230;<\/p>\n","protected":false},"author":1,"featured_media":0,"parent":0,"menu_order":0,"comment_status":"closed","ping_status":"closed","template":"elementor_header_footer","meta":{"footnotes":""},"class_list":["post-969","page","type-page","status-publish","hentry"],"_links":{"self":[{"href":"https:\/\/sintraindistal.com.br\/index.php?rest_route=\/wp\/v2\/pages\/969","targetHints":{"allow":["GET"]}}],"collection":[{"href":"https:\/\/sintraindistal.com.br\/index.php?rest_route=\/wp\/v2\/pages"}],"about":[{"href":"https:\/\/sintraindistal.com.br\/index.php?rest_route=\/wp\/v2\/types\/page"}],"author":[{"embeddable":true,"href":"https:\/\/sintraindistal.com.br\/index.php?rest_route=\/wp\/v2\/users\/1"}],"replies":[{"embeddable":true,"href":"https:\/\/sintraindistal.com.br\/index.php?rest_route=%2Fwp%2Fv2%2Fcomments&post=969"}],"version-history":[{"count":7,"href":"https:\/\/sintraindistal.com.br\/index.php?rest_route=\/wp\/v2\/pages\/969\/revisions"}],"predecessor-version":[{"id":979,"href":"https:\/\/sintraindistal.com.br\/index.php?rest_route=\/wp\/v2\/pages\/969\/revisions\/979"}],"wp:attachment":[{"href":"https:\/\/sintraindistal.com.br\/index.php?rest_route=%2Fwp%2Fv2%2Fmedia&parent=969"}],"curies":[{"name":"wp","href":"https:\/\/api.w.org\/{rel}","templated":true}]}}