{"id":274,"date":"2025-03-04T11:49:57","date_gmt":"2025-03-04T14:49:57","guid":{"rendered":"https:\/\/sintraindistal.com.br\/?page_id=274"},"modified":"2025-03-25T20:22:02","modified_gmt":"2025-03-25T23:22:02","slug":"institucional-2-2","status":"publish","type":"page","link":"https:\/\/sintraindistal.com.br\/?page_id=274","title":{"rendered":"Lazer"},"content":{"rendered":"\t\t<div data-elementor-type=\"wp-page\" data-elementor-id=\"274\" class=\"elementor elementor-274\" data-elementor-post-type=\"page\">\n\t\t\t\t<div class=\"elementor-element elementor-element-1627f52 e-flex e-con-boxed e-con e-parent\" data-id=\"1627f52\" data-element_type=\"container\" data-settings=\"{&quot;background_background&quot;:&quot;classic&quot;}\">\n\t\t\t\t\t<div class=\"e-con-inner\">\n\t\t\t\t<div class=\"elementor-element elementor-element-a6bd9f6 elementor-widget elementor-widget-heading\" data-id=\"a6bd9f6\" data-element_type=\"widget\" data-widget_type=\"heading.default\">\n\t\t\t\t<div class=\"elementor-widget-container\">\n\t\t\t\t\t<h2 class=\"elementor-heading-title elementor-size-default\">Lazer<\/h2>\t\t\t\t<\/div>\n\t\t\t\t<\/div>\n\t\t\t\t\t<\/div>\n\t\t\t\t<\/div>\n\t\t<div class=\"elementor-element elementor-element-ef79eb8 e-flex e-con-boxed e-con e-parent\" data-id=\"ef79eb8\" data-element_type=\"container\">\n\t\t\t\t\t<div class=\"e-con-inner\">\n\t\t\t\t<div class=\"elementor-element elementor-element-9029fcc elementor-widget elementor-widget-text-editor\" data-id=\"9029fcc\" data-element_type=\"widget\" data-widget_type=\"text-editor.default\">\n\t\t\t\t<div class=\"elementor-widget-container\">\n\t\t\t\t\t\t\t\t\t<p style=\"font-variant-ligatures: normal; font-variant-caps: normal; font-family: Lato; font-size: 15px; font-style: normal; font-weight: 300; text-align: left;\" align=\"justify\">Reserva mediante apresenta\u00e7\u00e3o de declara\u00e7\u00e3o do sindicato.<\/p>\t\t\t\t\t\t\t\t<\/div>\n\t\t\t\t<\/div>\n\t\t<div class=\"elementor-element elementor-element-724ebd1 e-grid e-con-full e-con e-child\" data-id=\"724ebd1\" data-element_type=\"container\">\n\t\t\t\t<div class=\"elementor-element elementor-element-4b5fad8 elementor-position-top elementor-widget elementor-widget-image-box\" data-id=\"4b5fad8\" data-element_type=\"widget\" data-widget_type=\"image-box.default\">\n\t\t\t\t<div class=\"elementor-widget-container\">\n\t\t\t\t\t<div class=\"elementor-image-box-wrapper\"><figure class=\"elementor-image-box-img\"><a href=\"http:\/\/cafemarbusios.com.br\" tabindex=\"-1\"><img fetchpriority=\"high\" decoding=\"async\" width=\"640\" height=\"400\" src=\"https:\/\/sintraindistal.com.br\/wp-content\/uploads\/2025\/03\/pousada-cafemar-buzios1-640x400.jpg\" class=\"attachment-onepress-medium size-onepress-medium wp-image-283\" alt=\"\" srcset=\"https:\/\/sintraindistal.com.br\/wp-content\/uploads\/2025\/03\/pousada-cafemar-buzios1-640x400.jpg 640w, https:\/\/sintraindistal.com.br\/wp-content\/uploads\/2025\/03\/pousada-cafemar-buzios1-480x300.jpg 480w\" sizes=\"(max-width: 640px) 100vw, 640px\" \/><\/a><\/figure><div class=\"elementor-image-box-content\"><h3 class=\"elementor-image-box-title\"><a href=\"http:\/\/cafemarbusios.com.br\">POUSADA CAFEMAR - B\u00daZIOS<\/a><\/h3><p class=\"elementor-image-box-description\"><span style=\"color:#FFFFFF\"><strong><span style=\"background-color:#cc3333; padding:8px; border-radius: 5px;\">\n20% DE DESCONTO\n<\/span><\/strong><\/span>\n\n<br><br>\n\nRua Bougainvile, 23, Gerib\u00e1, Arma\u00e7\u00e3o dos B\u00fazios - CEP: 28950-000\n\n<br><a href=\"https:\/\/www.cafemarbusios.com.br\">cafemarbusios.com.br <\/a><\/p><\/div><\/div>\t\t\t\t<\/div>\n\t\t\t\t<\/div>\n\t\t\t\t<div class=\"elementor-element elementor-element-e200d29 elementor-position-top elementor-widget elementor-widget-image-box\" data-id=\"e200d29\" data-element_type=\"widget\" data-widget_type=\"image-box.default\">\n\t\t\t\t<div class=\"elementor-widget-container\">\n\t\t\t\t\t<div class=\"elementor-image-box-wrapper\"><figure class=\"elementor-image-box-img\"><a href=\"https:\/\/www.pousadahappiness.com.br\/\" tabindex=\"-1\"><img decoding=\"async\" width=\"640\" height=\"400\" src=\"https:\/\/sintraindistal.com.br\/wp-content\/uploads\/2025\/03\/1516846811-640x400.jpg\" class=\"attachment-onepress-medium size-onepress-medium wp-image-296\" alt=\"\" srcset=\"https:\/\/sintraindistal.com.br\/wp-content\/uploads\/2025\/03\/1516846811-640x400.jpg 640w, https:\/\/sintraindistal.com.br\/wp-content\/uploads\/2025\/03\/1516846811-480x300.jpg 480w\" sizes=\"(max-width: 640px) 100vw, 640px\" \/><\/a><\/figure><div class=\"elementor-image-box-content\"><h3 class=\"elementor-image-box-title\"><a href=\"https:\/\/www.pousadahappiness.com.br\/\">POUSADA HAPPYNESS LTDA<\/a><\/h3><p class=\"elementor-image-box-description\"><span style=\"color:#FFFFFF\"><strong><span style=\"background-color:#cc3333; padding:8px; border-radius: 5px;\">\n15% DE DESCONTO\n<\/span><\/strong><\/span>\n\n<br><br>\n\nRua JV, S\/N, Ferradura, Arma\u00e7\u00e3o dos B\u00fazios\n\n<br><a href=\"https:\/\/www.pousadahappiness.com.br\/\">pousadahappiness.com.br\/ <\/a><\/p><\/div><\/div>\t\t\t\t<\/div>\n\t\t\t\t<\/div>\n\t\t\t\t<div class=\"elementor-element elementor-element-ed7bed5 elementor-position-top elementor-widget elementor-widget-image-box\" data-id=\"ed7bed5\" data-element_type=\"widget\" data-widget_type=\"image-box.default\">\n\t\t\t\t<div class=\"elementor-widget-container\">\n\t\t\t\t\t<div class=\"elementor-image-box-wrapper\"><figure class=\"elementor-image-box-img\"><a href=\"https:\/\/www.pousadaoceanodebuzios.com.br\/\" tabindex=\"-1\"><img decoding=\"async\" width=\"640\" height=\"400\" src=\"https:\/\/sintraindistal.com.br\/wp-content\/uploads\/2025\/03\/b2e582831-640x400.jpg\" class=\"attachment-onepress-medium size-onepress-medium wp-image-304\" alt=\"\" srcset=\"https:\/\/sintraindistal.com.br\/wp-content\/uploads\/2025\/03\/b2e582831-640x400.jpg 640w, https:\/\/sintraindistal.com.br\/wp-content\/uploads\/2025\/03\/b2e582831-480x300.jpg 480w\" sizes=\"(max-width: 640px) 100vw, 640px\" \/><\/a><\/figure><div class=\"elementor-image-box-content\"><h3 class=\"elementor-image-box-title\"><a href=\"https:\/\/www.pousadaoceanodebuzios.com.br\/\">POUSADA OCEANO DE B\u00daZIOS<\/a><\/h3><p class=\"elementor-image-box-description\"><span style=\"color:#FFFFFF\"><strong><span style=\"background-color:#cc3333; padding:8px; border-radius: 5px;\">\n20% DE DESCONTO\n<\/span><\/strong><\/span>\n\n<br><br>\n\nRua Recanto dos Mariscos, 66 - Arma\u00e7\u00e3o dos B\u00fazios, cep: 28954-425\n\n<br><a href=\"https:\/\/www.pousadaoceanodebuzios.com.br\/\">pousadaoceanodebuzios.com.br<\/a><\/p><\/div><\/div>\t\t\t\t<\/div>\n\t\t\t\t<\/div>\n\t\t\t\t<div class=\"elementor-element elementor-element-8400ce1 elementor-position-top elementor-widget elementor-widget-image-box\" data-id=\"8400ce1\" data-element_type=\"widget\" data-widget_type=\"image-box.default\">\n\t\t\t\t<div class=\"elementor-widget-container\">\n\t\t\t\t\t<div class=\"elementor-image-box-wrapper\"><figure class=\"elementor-image-box-img\"><a href=\"https:\/\/pousadacasadobosque.com.br\/\" tabindex=\"-1\"><img loading=\"lazy\" decoding=\"async\" width=\"640\" height=\"400\" src=\"https:\/\/sintraindistal.com.br\/wp-content\/uploads\/2025\/03\/appai-boa-viagem-pousada-casa-do-bosque-5-980x5881-1-640x400.jpg\" class=\"attachment-onepress-medium size-onepress-medium wp-image-311\" alt=\"\" srcset=\"https:\/\/sintraindistal.com.br\/wp-content\/uploads\/2025\/03\/appai-boa-viagem-pousada-casa-do-bosque-5-980x5881-1-640x400.jpg 640w, https:\/\/sintraindistal.com.br\/wp-content\/uploads\/2025\/03\/appai-boa-viagem-pousada-casa-do-bosque-5-980x5881-1-480x300.jpg 480w\" sizes=\"(max-width: 640px) 100vw, 640px\" \/><\/a><\/figure><div class=\"elementor-image-box-content\"><h3 class=\"elementor-image-box-title\"><a href=\"https:\/\/pousadacasadobosque.com.br\/\">POUSADA CASA DO BOSQUE<\/a><\/h3><p class=\"elementor-image-box-description\"><span style=\"color:#FFFFFF\"><strong><span style=\"background-color:#cc3333; padding:8px; border-radius: 5px;\">\n15% DE DESCONTO\n<\/span><\/strong><\/span>\n\n<br><br>\n\nAv. Dr. Arnaldo Marzoto, 250 - Jardim Martinelli - Penedo, Itatiaia - RJ, 27580-000\n\n<br><a href=\"https:\/\/pousadacasadobosque.com.br\/\">pousadacasadobosque.com.br\/ <\/a><\/p><\/div><\/div>\t\t\t\t<\/div>\n\t\t\t\t<\/div>\n\t\t\t\t<\/div>\n\t\t\t\t\t<\/div>\n\t\t\t\t<\/div>\n\t\t\t\t<\/div>\n\t\t","protected":false},"excerpt":{"rendered":"<p>Lazer Reserva mediante apresenta\u00e7\u00e3o de declara\u00e7\u00e3o do sindicato. POUSADA CAFEMAR &#8211; B\u00daZIOS 20% DE DESCONTO Rua Bougainvile, 23, Gerib\u00e1, Arma\u00e7\u00e3o dos B\u00fazios &#8211; CEP: 28950-000 cafemarbusios.com.br POUSADA HAPPYNESS LTDA 15% &#8230;<\/p>\n","protected":false},"author":1,"featured_media":0,"parent":0,"menu_order":0,"comment_status":"closed","ping_status":"closed","template":"elementor_header_footer","meta":{"footnotes":""},"class_list":["post-274","page","type-page","status-publish","hentry"],"_links":{"self":[{"href":"https:\/\/sintraindistal.com.br\/index.php?rest_route=\/wp\/v2\/pages\/274","targetHints":{"allow":["GET"]}}],"collection":[{"href":"https:\/\/sintraindistal.com.br\/index.php?rest_route=\/wp\/v2\/pages"}],"about":[{"href":"https:\/\/sintraindistal.com.br\/index.php?rest_route=\/wp\/v2\/types\/page"}],"author":[{"embeddable":true,"href":"https:\/\/sintraindistal.com.br\/index.php?rest_route=\/wp\/v2\/users\/1"}],"replies":[{"embeddable":true,"href":"https:\/\/sintraindistal.com.br\/index.php?rest_route=%2Fwp%2Fv2%2Fcomments&post=274"}],"version-history":[{"count":36,"href":"https:\/\/sintraindistal.com.br\/index.php?rest_route=\/wp\/v2\/pages\/274\/revisions"}],"predecessor-version":[{"id":896,"href":"https:\/\/sintraindistal.com.br\/index.php?rest_route=\/wp\/v2\/pages\/274\/revisions\/896"}],"wp:attachment":[{"href":"https:\/\/sintraindistal.com.br\/index.php?rest_route=%2Fwp%2Fv2%2Fmedia&parent=274"}],"curies":[{"name":"wp","href":"https:\/\/api.w.org\/{rel}","templated":true}]}}