{"id":1000,"date":"2026-03-24T12:05:17","date_gmt":"2026-03-24T15:05:17","guid":{"rendered":"https:\/\/sintraindistal.com.br\/?page_id=1000"},"modified":"2026-03-24T12:06:18","modified_gmt":"2026-03-24T15:06:18","slug":"institucional-3-2-2","status":"publish","type":"page","link":"https:\/\/sintraindistal.com.br\/?page_id=1000","title":{"rendered":"Atualiza\u00e7\u00e3o ao Atendimento fixado pelo TST"},"content":{"rendered":"\t\t<div data-elementor-type=\"wp-page\" data-elementor-id=\"1000\" class=\"elementor elementor-1000\" data-elementor-post-type=\"page\">\n\t\t\t\t<div class=\"elementor-element elementor-element-997dc03 e-flex e-con-boxed e-con e-parent\" data-id=\"997dc03\" data-element_type=\"container\">\n\t\t\t\t\t<div class=\"e-con-inner\">\n\t\t<div class=\"elementor-element elementor-element-4bfe64d e-con-full e-flex e-con e-child\" data-id=\"4bfe64d\" data-element_type=\"container\">\n\t\t\t\t<div class=\"elementor-element elementor-element-400f50f elementor-widget elementor-widget-image\" data-id=\"400f50f\" data-element_type=\"widget\" data-widget_type=\"image.default\">\n\t\t\t\t<div class=\"elementor-widget-container\">\n\t\t\t\t\t\t\t\t\t\t\t\t\t\t\t<img fetchpriority=\"high\" decoding=\"async\" width=\"683\" height=\"1024\" src=\"https:\/\/sintraindistal.com.br\/wp-content\/uploads\/2026\/03\/WhatsApp-Image-2026-03-24-at-10.37.12-683x1024.jpeg\" class=\"attachment-large size-large wp-image-1002\" alt=\"\" srcset=\"https:\/\/sintraindistal.com.br\/wp-content\/uploads\/2026\/03\/WhatsApp-Image-2026-03-24-at-10.37.12-683x1024.jpeg 683w, https:\/\/sintraindistal.com.br\/wp-content\/uploads\/2026\/03\/WhatsApp-Image-2026-03-24-at-10.37.12-200x300.jpeg 200w, https:\/\/sintraindistal.com.br\/wp-content\/uploads\/2026\/03\/WhatsApp-Image-2026-03-24-at-10.37.12-768x1152.jpeg 768w, https:\/\/sintraindistal.com.br\/wp-content\/uploads\/2026\/03\/WhatsApp-Image-2026-03-24-at-10.37.12.jpeg 1024w\" sizes=\"(max-width: 683px) 100vw, 683px\" \/>\t\t\t\t\t\t\t\t\t\t\t\t\t\t\t<\/div>\n\t\t\t\t<\/div>\n\t\t\t\t<\/div>\n\t\t<div class=\"elementor-element elementor-element-a8cbd4f e-con-full e-flex e-con e-child\" data-id=\"a8cbd4f\" data-element_type=\"container\">\n\t\t\t\t<div class=\"elementor-element elementor-element-9029fcc elementor-widget elementor-widget-text-editor\" data-id=\"9029fcc\" data-element_type=\"widget\" data-widget_type=\"text-editor.default\">\n\t\t\t\t<div class=\"elementor-widget-container\">\n\t\t\t\t\t\t\t\t\t<h2>Atualiza\u00e7\u00e3o ao Atendimento fixado pelo TST<\/h2>\t\t\t\t\t\t\t\t<\/div>\n\t\t\t\t<\/div>\n\t\t\t\t<div class=\"elementor-element elementor-element-e72fcd9 elementor-widget-divider--view-line elementor-widget elementor-widget-divider\" data-id=\"e72fcd9\" data-element_type=\"widget\" data-widget_type=\"divider.default\">\n\t\t\t\t<div class=\"elementor-widget-container\">\n\t\t\t\t\t\t\t<div class=\"elementor-divider\">\n\t\t\t<span class=\"elementor-divider-separator\">\n\t\t\t\t\t\t<\/span>\n\t\t<\/div>\n\t\t\t\t\t\t<\/div>\n\t\t\t\t<\/div>\n\t\t\t\t<div class=\"elementor-element elementor-element-528453c elementor-widget elementor-widget-text-editor\" data-id=\"528453c\" data-element_type=\"widget\" data-widget_type=\"text-editor.default\">\n\t\t\t\t<div class=\"elementor-widget-container\">\n\t\t\t\t\t\t\t\t\t<p>O Sintraindistal, por meio de sua Assessoria e Coordena\u00e7\u00e3o Jur\u00eddica, representada pela Dr\u00aa C\u00edntia Possas, alerta sobre a importante atualiza\u00e7\u00e3o ao entendimento fixado pelo Tribunal Superior do Trabalho.<\/p><p>O TST fixou tese no sentido de que a multa prevista no art. 477 \u00a78 da CLT dever\u00e1 incidir sobre todas as parcelas de natureza salarial, e n\u00e3o apenas sobre o sal\u00e1rio-base.<\/p><p>A decis\u00e3o refor\u00e7a a prote\u00e7\u00e3o aos direitos dos trabalhadores no momento da rescis\u00e3o contratual e contribui para a uniformiza\u00e7\u00e3o da jurisprud\u00eancia.<\/p><p>#direitodotrabalho #tst #clt #sintraindistal #advocaciatrabalhista #segurancajuridica #direitosdostrabalhadores<\/p>\t\t\t\t\t\t\t\t<\/div>\n\t\t\t\t<\/div>\n\t\t\t\t<\/div>\n\t\t\t\t\t<\/div>\n\t\t\t\t<\/div>\n\t\t\t\t<\/div>\n\t\t","protected":false},"excerpt":{"rendered":"<p>Atualiza\u00e7\u00e3o ao Atendimento fixado pelo TST O Sintraindistal, por meio de sua Assessoria e Coordena\u00e7\u00e3o Jur\u00eddica, representada pela Dr\u00aa C\u00edntia Possas, alerta sobre a importante atualiza\u00e7\u00e3o ao entendimento fixado pelo &#8230;<\/p>\n","protected":false},"author":1,"featured_media":0,"parent":0,"menu_order":0,"comment_status":"closed","ping_status":"closed","template":"elementor_header_footer","meta":{"footnotes":""},"class_list":["post-1000","page","type-page","status-publish","hentry"],"_links":{"self":[{"href":"https:\/\/sintraindistal.com.br\/index.php?rest_route=\/wp\/v2\/pages\/1000","targetHints":{"allow":["GET"]}}],"collection":[{"href":"https:\/\/sintraindistal.com.br\/index.php?rest_route=\/wp\/v2\/pages"}],"about":[{"href":"https:\/\/sintraindistal.com.br\/index.php?rest_route=\/wp\/v2\/types\/page"}],"author":[{"embeddable":true,"href":"https:\/\/sintraindistal.com.br\/index.php?rest_route=\/wp\/v2\/users\/1"}],"replies":[{"embeddable":true,"href":"https:\/\/sintraindistal.com.br\/index.php?rest_route=%2Fwp%2Fv2%2Fcomments&post=1000"}],"version-history":[{"count":4,"href":"https:\/\/sintraindistal.com.br\/index.php?rest_route=\/wp\/v2\/pages\/1000\/revisions"}],"predecessor-version":[{"id":1005,"href":"https:\/\/sintraindistal.com.br\/index.php?rest_route=\/wp\/v2\/pages\/1000\/revisions\/1005"}],"wp:attachment":[{"href":"https:\/\/sintraindistal.com.br\/index.php?rest_route=%2Fwp%2Fv2%2Fmedia&parent=1000"}],"curies":[{"name":"wp","href":"https:\/\/api.w.org\/{rel}","templated":true}]}}